{"id":1891,"date":"2023-11-03T01:29:30","date_gmt":"2023-11-02T23:29:30","guid":{"rendered":"https:\/\/encprimes.com\/?page_id=1891"},"modified":"2025-01-03T21:49:29","modified_gmt":"2025-01-03T20:49:29","slug":"il-client-encpri-mes","status":"publish","type":"page","link":"https:\/\/encprimes.com\/index.php\/it\/riservatezza-impagabile-nei-messaggi\/il-client-encpri-mes\/","title":{"rendered":"Il Client"},"content":{"rendered":"\n<div class=\"wp-block-cover has-parallax\"><span aria-hidden=\"true\" class=\"wp-block-cover__background has-background-dim\" style=\"background-color:#76827a\"><\/span><div class=\"wp-block-cover__image-background wp-image-3837 has-parallax\" style=\"background-position:50% 50%;background-image:url(https:\/\/mlbh0vghk157.i.optimole.com\/w:auto\/h:auto\/q:mauto\/g:sm\/f:best\/https:\/\/encprimes.com\/wp-content\/uploads\/2024\/09\/abstract_low_poly_techno_design_background_1905-scaled.jpg)\"><\/div><div class=\"wp-block-cover__inner-container is-layout-constrained wp-block-cover-is-layout-constrained\">\n<p class=\"has-text-align-center has-large-font-size\">IL Client<\/p>\n\n\n<div class=\"wp-block-image is-style-default\">\n<figure class=\"aligncenter size-large\"><img data-opt-id=1597831646  fetchpriority=\"high\" decoding=\"async\" src=\"https:\/\/mlbh0vghk157.i.optimole.com\/w:auto\/h:auto\/q:mauto\/g:sm\/f:best\/https:\/\/encprimes.com\/wp-content\/uploads\/2024\/09\/laptop-154091_1280-e1726187881145.png\" alt=\"EncPriMes Client Notebook\" title=\"Knot's Client\"\/><figcaption class=\"wp-element-caption\"><strong>Il luminoso display HD da 14&#8243; 1080p offre un&#8217;esperienza visiva eccellente.<\/strong><\/figcaption><\/figure>\n<\/div>\n\n\n<p class=\"has-text-align-center\">\u00e8 un <strong>PC<\/strong> <strong>Notebook<\/strong><\/p>\n\n\n\n<h2 class=\"wp-block-heading has-text-align-center\">Il Client del Nodo<\/h2>\n\n\n\n<p class=\"has-text-align-center\">\u00e8 un PC <strong>notebook <\/strong>elegante e leggero basato sulla tecnologia <strong>ARM<\/strong>. \u00c8 dotato di un <a href=\"https:\/\/tow-boot.org\/\"><strong>open bios<\/strong><\/a>, privo di <a href=\"https:\/\/it.wikipedia.org\/wiki\/Backdoor\" target=\"_blank\" rel=\"noreferrer noopener\"><strong>backdoor<\/strong><\/a> pericolose come IME (Intel Management Engine). Con una batteria di lunga durata, si occupa della preparazione dei messaggi e ne gestisce la codifica e la decodifica. Non \u00e8 collegato a Internet, per garantire la sicurezza e prevenire gli attacchi hacker. Comunica solo con il suo server preconfigurato in WI-FI.<img data-opt-id=1407447972  fetchpriority=\"high\" decoding=\"async\" width=\"40\" height=\"40\" class=\"wp-image-1147\" style=\"width: 40px;\" src=\"https:\/\/mlbh0vghk157.i.optimole.com\/w:auto\/h:auto\/q:mauto\/g:sm\/f:best\/https:\/\/encprimes.com\/wp-content\/uploads\/2023\/10\/wi-fi.jpg\" alt=\"\" srcset=\"https:\/\/mlbh0vghk157.i.optimole.com\/w:414\/h:412\/q:mauto\/g:sm\/f:best\/https:\/\/encprimes.com\/wp-content\/uploads\/2023\/10\/wi-fi.jpg 414w, https:\/\/mlbh0vghk157.i.optimole.com\/w:300\/h:300\/q:mauto\/g:sm\/f:best\/https:\/\/encprimes.com\/wp-content\/uploads\/2023\/10\/wi-fi.jpg 300w, https:\/\/mlbh0vghk157.i.optimole.com\/w:150\/h:150\/q:mauto\/g:sm\/f:best\/https:\/\/encprimes.com\/wp-content\/uploads\/2023\/10\/wi-fi.jpg 150w\" sizes=\"(max-width: 40px) 100vw, 40px\" \/> \u00c8 <strong>dotato <\/strong>di <strong>chiavi OTP preinstallate<\/strong> che consentono una <strong>lunga durata<\/strong> della capacit\u00e0 di trasmettere messaggi crittografati.<\/p>\n\n\n\n<div class=\"wp-block-buttons is-content-justification-center is-layout-flex wp-container-core-buttons-is-layout-28206b41 wp-block-buttons-is-layout-flex\">\n<div class=\"wp-block-button is-style-primary\"><a class=\"wp-block-button__link has-text-align-center wp-element-button\" href=\"https:\/\/encprimes.com\/index.php\/it\/messaggi-criptati-con-otp\/encprimes-it\/panoramica-messaggi-criptati\/gamma-prodotti-encprimes\/\">RITORNA<\/a><\/div>\n<\/div>\n\n\n\n<hr class=\"wp-block-separator has-alpha-channel-opacity\"\/>\n<\/div><\/div>\n","protected":false},"excerpt":{"rendered":"","protected":false},"author":1,"featured_media":22495,"parent":1662,"menu_order":0,"comment_status":"closed","ping_status":"closed","template":"","meta":{"neve_meta_sidebar":"","neve_meta_container":"","neve_meta_enable_content_width":"","neve_meta_content_width":0,"neve_meta_title_alignment":"","neve_meta_author_avatar":"","neve_post_elements_order":"","neve_meta_disable_header":"","neve_meta_disable_footer":"","neve_meta_disable_title":"on","footnotes":""},"class_list":["post-1891","page","type-page","status-publish","has-post-thumbnail","hentry"],"yoast_head":"<!-- This site is optimized with the Yoast SEO plugin v27.3 - https:\/\/yoast.com\/product\/yoast-seo-wordpress\/ -->\n<title>Il Client - Encrypted Private Message<\/title>\n<meta name=\"description\" content=\"Il Client del Nodo \u00e8 una potente Notebook per EncPriMes in grado di inviare e ricevere messaggi criptati attraverso una rete privata.\" \/>\n<meta name=\"robots\" content=\"index, follow, max-snippet:-1, max-image-preview:large, max-video-preview:-1\" \/>\n<link rel=\"canonical\" href=\"https:\/\/encprimes.com\/index.php\/it\/riservatezza-impagabile-nei-messaggi\/il-client-encpri-mes\/\" \/>\n<meta property=\"og:locale\" content=\"en_US\" \/>\n<meta property=\"og:type\" content=\"article\" \/>\n<meta property=\"og:title\" content=\"Il Client - Encrypted Private Message\" \/>\n<meta property=\"og:description\" content=\"Il Client del Nodo \u00e8 una potente Notebook per EncPriMes in grado di inviare e ricevere messaggi criptati attraverso una rete privata.\" \/>\n<meta property=\"og:url\" content=\"https:\/\/encprimes.com\/index.php\/it\/riservatezza-impagabile-nei-messaggi\/il-client-encpri-mes\/\" \/>\n<meta property=\"og:site_name\" content=\"Encrypted Private Message\" \/>\n<meta property=\"article:modified_time\" content=\"2025-01-03T20:49:29+00:00\" \/>\n<meta property=\"og:image\" content=\"https:\/\/mlbh0vghk157.i.optimole.com\/ozlFtWU-lKrscZxW\/w:auto\/h:auto\/g:sm\/f:best\/q:mauto\/id:c50525c65a2a9076af9f85cae9aac09a\/https:\/\/encprimes.com\/knot-c.jpg\" \/>\n\t<meta property=\"og:image:width\" content=\"1280\" \/>\n\t<meta property=\"og:image:height\" content=\"640\" \/>\n\t<meta property=\"og:image:type\" content=\"image\/jpeg\" \/>\n<meta name=\"twitter:label1\" content=\"Est. reading time\" \/>\n\t<meta name=\"twitter:data1\" content=\"2 minutes\" \/>\n<script type=\"application\/ld+json\" class=\"yoast-schema-graph\">{\"@context\":\"https:\\\/\\\/schema.org\",\"@graph\":[{\"@type\":\"WebPage\",\"@id\":\"https:\\\/\\\/encprimes.com\\\/index.php\\\/it\\\/riservatezza-impagabile-nei-messaggi\\\/il-client-encpri-mes\\\/\",\"url\":\"https:\\\/\\\/encprimes.com\\\/index.php\\\/it\\\/riservatezza-impagabile-nei-messaggi\\\/il-client-encpri-mes\\\/\",\"name\":\"Il Client - Encrypted Private Message\",\"isPartOf\":{\"@id\":\"https:\\\/\\\/encprimes.com\\\/#website\"},\"primaryImageOfPage\":{\"@id\":\"https:\\\/\\\/encprimes.com\\\/index.php\\\/it\\\/riservatezza-impagabile-nei-messaggi\\\/il-client-encpri-mes\\\/#primaryimage\"},\"image\":{\"@id\":\"https:\\\/\\\/encprimes.com\\\/index.php\\\/it\\\/riservatezza-impagabile-nei-messaggi\\\/il-client-encpri-mes\\\/#primaryimage\"},\"thumbnailUrl\":\"https:\/\/mlbh0vghk157.i.optimole.com\/ozlFtWU-lKrscZxW\\/w:auto\/h:auto\/g:sm\/f:best\/q:mauto\/id:c50525c65a2a9076af9f85cae9aac09a\/https:\/\/encprimes.com\/knot-c.jpg\",\"datePublished\":\"2023-11-02T23:29:30+00:00\",\"dateModified\":\"2025-01-03T20:49:29+00:00\",\"description\":\"Il Client del Nodo \u00e8 una potente Notebook per EncPriMes in grado di inviare e ricevere messaggi criptati attraverso una rete privata.\",\"breadcrumb\":{\"@id\":\"https:\\\/\\\/encprimes.com\\\/index.php\\\/it\\\/riservatezza-impagabile-nei-messaggi\\\/il-client-encpri-mes\\\/#breadcrumb\"},\"inLanguage\":\"en-US\",\"potentialAction\":[{\"@type\":\"ReadAction\",\"target\":[\"https:\\\/\\\/encprimes.com\\\/index.php\\\/it\\\/riservatezza-impagabile-nei-messaggi\\\/il-client-encpri-mes\\\/\"]}]},{\"@type\":\"ImageObject\",\"inLanguage\":\"en-US\",\"@id\":\"https:\\\/\\\/encprimes.com\\\/index.php\\\/it\\\/riservatezza-impagabile-nei-messaggi\\\/il-client-encpri-mes\\\/#primaryimage\",\"url\":\"https:\/\/mlbh0vghk157.i.optimole.com\/ozlFtWU-lKrscZxW\\/w:auto\/h:auto\/g:sm\/f:best\/q:mauto\/id:c50525c65a2a9076af9f85cae9aac09a\/https:\/\/encprimes.com\/knot-c.jpg\",\"contentUrl\":\"https:\/\/mlbh0vghk157.i.optimole.com\/ozlFtWU-lKrscZxW\\/w:auto\/h:auto\/g:sm\/f:best\/q:mauto\/id:c50525c65a2a9076af9f85cae9aac09a\/https:\/\/encprimes.com\/knot-c.jpg\",\"width\":1280,\"height\":640},{\"@type\":\"BreadcrumbList\",\"@id\":\"https:\\\/\\\/encprimes.com\\\/index.php\\\/it\\\/riservatezza-impagabile-nei-messaggi\\\/il-client-encpri-mes\\\/#breadcrumb\",\"itemListElement\":[{\"@type\":\"ListItem\",\"position\":1,\"name\":\"Home\",\"item\":\"https:\\\/\\\/encprimes.com\\\/index.php\\\/en\\\/message-safety-is-priceless\\\/\"},{\"@type\":\"ListItem\",\"position\":2,\"name\":\"EncPriMes impagabile nei messaggi\",\"item\":\"https:\\\/\\\/encprimes.com\\\/index.php\\\/it\\\/riservatezza-impagabile-nei-messaggi\\\/\"},{\"@type\":\"ListItem\",\"position\":3,\"name\":\"Il Client\"}]},{\"@type\":\"WebSite\",\"@id\":\"https:\\\/\\\/encprimes.com\\\/#website\",\"url\":\"https:\\\/\\\/encprimes.com\\\/\",\"name\":\"Encrypted Private Message\",\"description\":\"We have nothing to hide but everything to protect\",\"publisher\":{\"@id\":\"https:\\\/\\\/encprimes.com\\\/#organization\"},\"alternateName\":\"EPM\",\"potentialAction\":[{\"@type\":\"SearchAction\",\"target\":{\"@type\":\"EntryPoint\",\"urlTemplate\":\"https:\\\/\\\/encprimes.com\\\/?s={search_term_string}\"},\"query-input\":{\"@type\":\"PropertyValueSpecification\",\"valueRequired\":true,\"valueName\":\"search_term_string\"}}],\"inLanguage\":\"en-US\"},{\"@type\":\"Organization\",\"@id\":\"https:\\\/\\\/encprimes.com\\\/#organization\",\"name\":\"EncPriMes\",\"alternateName\":\"EPM\",\"url\":\"https:\\\/\\\/encprimes.com\\\/\",\"logo\":{\"@type\":\"ImageObject\",\"inLanguage\":\"en-US\",\"@id\":\"https:\\\/\\\/encprimes.com\\\/#\\\/schema\\\/logo\\\/image\\\/\",\"url\":\"https:\\/\\/encprimes.com\\/wp-content\\/uploads\\/2024\\/12\\/logo.png\",\"contentUrl\":\"https:\\/\\/encprimes.com\\/wp-content\\/uploads\\/2024\\/12\\/logo.png\",\"width\":160,\"height\":160,\"caption\":\"EncPriMes\"},\"image\":{\"@id\":\"https:\\\/\\\/encprimes.com\\\/#\\\/schema\\\/logo\\\/image\\\/\"}}]}<\/script>\n<!-- \/ Yoast SEO plugin. -->","yoast_head_json":{"title":"Il Client - Encrypted Private Message","description":"Il Client del Nodo \u00e8 una potente Notebook per EncPriMes in grado di inviare e ricevere messaggi criptati attraverso una rete privata.","robots":{"index":"index","follow":"follow","max-snippet":"max-snippet:-1","max-image-preview":"max-image-preview:large","max-video-preview":"max-video-preview:-1"},"canonical":"https:\/\/encprimes.com\/index.php\/it\/riservatezza-impagabile-nei-messaggi\/il-client-encpri-mes\/","og_locale":"en_US","og_type":"article","og_title":"Il Client - Encrypted Private Message","og_description":"Il Client del Nodo \u00e8 una potente Notebook per EncPriMes in grado di inviare e ricevere messaggi criptati attraverso una rete privata.","og_url":"https:\/\/encprimes.com\/index.php\/it\/riservatezza-impagabile-nei-messaggi\/il-client-encpri-mes\/","og_site_name":"Encrypted Private Message","article_modified_time":"2025-01-03T20:49:29+00:00","og_image":[{"width":1280,"height":640,"url":"https:\/\/mlbh0vghk157.i.optimole.com\/ozlFtWU-lKrscZxW\/w:auto\/h:auto\/g:sm\/f:best\/q:mauto\/id:c50525c65a2a9076af9f85cae9aac09a\/https:\/\/encprimes.com\/knot-c.jpg","type":"image\/jpeg"}],"twitter_misc":{"Est. reading time":"2 minutes"},"schema":{"@context":"https:\/\/schema.org","@graph":[{"@type":"WebPage","@id":"https:\/\/encprimes.com\/index.php\/it\/riservatezza-impagabile-nei-messaggi\/il-client-encpri-mes\/","url":"https:\/\/encprimes.com\/index.php\/it\/riservatezza-impagabile-nei-messaggi\/il-client-encpri-mes\/","name":"Il Client - Encrypted Private Message","isPartOf":{"@id":"https:\/\/encprimes.com\/#website"},"primaryImageOfPage":{"@id":"https:\/\/encprimes.com\/index.php\/it\/riservatezza-impagabile-nei-messaggi\/il-client-encpri-mes\/#primaryimage"},"image":{"@id":"https:\/\/encprimes.com\/index.php\/it\/riservatezza-impagabile-nei-messaggi\/il-client-encpri-mes\/#primaryimage"},"thumbnailUrl":"https:\/\/mlbh0vghk157.i.optimole.com\/ozlFtWU-lKrscZxW\/w:auto\/h:auto\/g:sm\/f:best\/q:mauto\/id:c50525c65a2a9076af9f85cae9aac09a\/https:\/\/encprimes.com\/knot-c.jpg","datePublished":"2023-11-02T23:29:30+00:00","dateModified":"2025-01-03T20:49:29+00:00","description":"Il Client del Nodo \u00e8 una potente Notebook per EncPriMes in grado di inviare e ricevere messaggi criptati attraverso una rete privata.","breadcrumb":{"@id":"https:\/\/encprimes.com\/index.php\/it\/riservatezza-impagabile-nei-messaggi\/il-client-encpri-mes\/#breadcrumb"},"inLanguage":"en-US","potentialAction":[{"@type":"ReadAction","target":["https:\/\/encprimes.com\/index.php\/it\/riservatezza-impagabile-nei-messaggi\/il-client-encpri-mes\/"]}]},{"@type":"ImageObject","inLanguage":"en-US","@id":"https:\/\/encprimes.com\/index.php\/it\/riservatezza-impagabile-nei-messaggi\/il-client-encpri-mes\/#primaryimage","url":"https:\/\/mlbh0vghk157.i.optimole.com\/ozlFtWU-lKrscZxW\/w:auto\/h:auto\/g:sm\/f:best\/q:mauto\/id:c50525c65a2a9076af9f85cae9aac09a\/https:\/\/encprimes.com\/knot-c.jpg","contentUrl":"https:\/\/mlbh0vghk157.i.optimole.com\/ozlFtWU-lKrscZxW\/w:auto\/h:auto\/g:sm\/f:best\/q:mauto\/id:c50525c65a2a9076af9f85cae9aac09a\/https:\/\/encprimes.com\/knot-c.jpg","width":1280,"height":640},{"@type":"BreadcrumbList","@id":"https:\/\/encprimes.com\/index.php\/it\/riservatezza-impagabile-nei-messaggi\/il-client-encpri-mes\/#breadcrumb","itemListElement":[{"@type":"ListItem","position":1,"name":"Home","item":"https:\/\/encprimes.com\/index.php\/en\/message-safety-is-priceless\/"},{"@type":"ListItem","position":2,"name":"EncPriMes impagabile nei messaggi","item":"https:\/\/encprimes.com\/index.php\/it\/riservatezza-impagabile-nei-messaggi\/"},{"@type":"ListItem","position":3,"name":"Il Client"}]},{"@type":"WebSite","@id":"https:\/\/encprimes.com\/#website","url":"https:\/\/encprimes.com\/","name":"Encrypted Private Message","description":"We have nothing to hide but everything to protect","publisher":{"@id":"https:\/\/encprimes.com\/#organization"},"alternateName":"EPM","potentialAction":[{"@type":"SearchAction","target":{"@type":"EntryPoint","urlTemplate":"https:\/\/encprimes.com\/?s={search_term_string}"},"query-input":{"@type":"PropertyValueSpecification","valueRequired":true,"valueName":"search_term_string"}}],"inLanguage":"en-US"},{"@type":"Organization","@id":"https:\/\/encprimes.com\/#organization","name":"EncPriMes","alternateName":"EPM","url":"https:\/\/encprimes.com\/","logo":{"@type":"ImageObject","inLanguage":"en-US","@id":"https:\/\/encprimes.com\/#\/schema\/logo\/image\/","url":"https:\/\/mlbh0vghk157.i.optimole.com\/w:auto\/h:auto\/q:mauto\/g:sm\/f:best\/https:\/\/encprimes.com\/wp-content\/uploads\/2024\/12\/logo.png","contentUrl":"https:\/\/mlbh0vghk157.i.optimole.com\/w:auto\/h:auto\/q:mauto\/g:sm\/f:best\/https:\/\/encprimes.com\/wp-content\/uploads\/2024\/12\/logo.png","width":160,"height":160,"caption":"EncPriMes"},"image":{"@id":"https:\/\/encprimes.com\/#\/schema\/logo\/image\/"}}]}},"jetpack-related-posts":[{"id":1916,"url":"https:\/\/encprimes.com\/index.php\/it\/riservatezza-impagabile-nei-messaggi\/encprimes-messaggi-criptati\/","url_meta":{"origin":1891,"position":0},"title":"EncPriMes il Software del Nodo","author":"encprimes team","date":"November 3, 2023","format":false,"excerpt":"Messaggi criptati con chiave OTP simmetrica precaricata Messaggi criptati Message tipo E-Mail Descrizione delle principali funzioni svolte da EncPriMes Nessuna rubrica. In EncPriMes l' elenco dei NODI con il loro stato di raggiungibilit\u00e0, (verde=raggiungibile arancione=NON raggiungibile) \u00e8 sempre disponibile. Chiave di crittografia simmetrica per coppia di nodi, \u00e8 precaricata nei\u2026","rel":"","context":"Similar post","block_context":{"text":"Similar post","link":""},"img":{"alt_text":"","src":"https:\/\/mlbh0vghk157.i.optimole.com\/w:auto\/h:auto\/q:mauto\/g:sm\/f:best\/https:\/\/i0.wp.com\/encprimes.com\/wp-content\/uploads\/2023\/10\/last.png?resize=350%2C200&ssl=1","width":350,"height":200,"srcset":"https:\/\/mlbh0vghk157.i.optimole.com\/w:auto\/h:auto\/q:mauto\/g:sm\/f:best\/https:\/\/i0.wp.com\/encprimes.com\/wp-content\/uploads\/2023\/10\/last.png?resize=350%2C200&ssl=1 1x, https:\/\/mlbh0vghk157.i.optimole.com\/w:auto\/h:auto\/q:mauto\/g:sm\/f:best\/https:\/\/i0.wp.com\/encprimes.com\/wp-content\/uploads\/2023\/10\/last.png?resize=525%2C300&ssl=1 1.5x, https:\/\/mlbh0vghk157.i.optimole.com\/w:auto\/h:auto\/q:mauto\/g:sm\/f:best\/https:\/\/i0.wp.com\/encprimes.com\/wp-content\/uploads\/2023\/10\/last.png?resize=700%2C400&ssl=1 2x, https:\/\/mlbh0vghk157.i.optimole.com\/w:auto\/h:auto\/q:mauto\/g:sm\/f:best\/https:\/\/i0.wp.com\/encprimes.com\/wp-content\/uploads\/2023\/10\/last.png?resize=1050%2C600&ssl=1 3x, https:\/\/mlbh0vghk157.i.optimole.com\/w:auto\/h:auto\/q:mauto\/g:sm\/f:best\/https:\/\/i0.wp.com\/encprimes.com\/wp-content\/uploads\/2023\/10\/last.png?resize=1400%2C800&ssl=1 4x"},"classes":[]},{"id":1958,"url":"https:\/\/encprimes.com\/index.php\/it\/riservatezza-impagabile-nei-messaggi\/siamo-diversi\/","url_meta":{"origin":1891,"position":1},"title":"Siamo diversi.","author":"encprimes team","date":"November 3, 2023","format":false,"excerpt":"SIAMO DIVERSI Noi siamo diversi. Nessuna soluzione commerciale ma solo componenti HW e SW dedicati alla trasmissione E2EE con chiavi OTP pre-condivise. Utilizziamo solo Hw di cui siamo sicuri e che non presentano back door. Li configuriamo in modo che siano disponibili solo le parti di software necessarie per la\u2026","rel":"","context":"Similar post","block_context":{"text":"Similar post","link":""},"img":{"alt_text":"","src":"https:\/\/mlbh0vghk157.i.optimole.com\/w:auto\/h:auto\/q:mauto\/g:sm\/f:best\/https:\/\/i0.wp.com\/encprimes.com\/wp-content\/uploads\/2024\/09\/WhatsApp-Image-2024-09-20-at-14.16.34.jpeg?resize=350%2C200&ssl=1","width":350,"height":200,"srcset":"https:\/\/mlbh0vghk157.i.optimole.com\/w:auto\/h:auto\/q:mauto\/g:sm\/f:best\/https:\/\/i0.wp.com\/encprimes.com\/wp-content\/uploads\/2024\/09\/WhatsApp-Image-2024-09-20-at-14.16.34.jpeg?resize=350%2C200&ssl=1 1x, https:\/\/mlbh0vghk157.i.optimole.com\/w:auto\/h:auto\/q:mauto\/g:sm\/f:best\/https:\/\/i0.wp.com\/encprimes.com\/wp-content\/uploads\/2024\/09\/WhatsApp-Image-2024-09-20-at-14.16.34.jpeg?resize=525%2C300&ssl=1 1.5x, https:\/\/mlbh0vghk157.i.optimole.com\/w:auto\/h:auto\/q:mauto\/g:sm\/f:best\/https:\/\/i0.wp.com\/encprimes.com\/wp-content\/uploads\/2024\/09\/WhatsApp-Image-2024-09-20-at-14.16.34.jpeg?resize=700%2C400&ssl=1 2x"},"classes":[]},{"id":1910,"url":"https:\/\/encprimes.com\/index.php\/it\/riservatezza-impagabile-nei-messaggi\/server-del-nodo-encprimes\/","url_meta":{"origin":1891,"position":2},"title":"Server EncPriMes","author":"encprimes team","date":"November 3, 2023","format":false,"excerpt":"Server EncPriMes EncPriMes Server Base Nodo in Box Metallico EncPriMes Server Nodo Tipo R1 in Box Metallico Server del Nodo. Il server EncPriMes \u00e8 leggero, compatto, silenzioso e a basso consumo energetico. Il server si occupa della ricezione e dell'invio dei messaggi riservati e criptati. Non \u00e8 richiesta alcuna configurazione.\u2026","rel":"","context":"Similar post","block_context":{"text":"Similar post","link":""},"img":{"alt_text":"","src":"https:\/\/mlbh0vghk157.i.optimole.com\/w:auto\/h:auto\/q:mauto\/g:sm\/f:best\/https:\/\/i0.wp.com\/encprimes.com\/wp-content\/uploads\/2023\/09\/EncPriMes-Server-basic-2.jpg?resize=350%2C200&ssl=1","width":350,"height":200},"classes":[]},{"id":1780,"url":"https:\/\/encprimes.com\/index.php\/it\/riservatezza-impagabile-nei-messaggi\/panoramica-messaggi-criptati\/","url_meta":{"origin":1891,"position":3},"title":"Panoramica messaggi","author":"encprimes team","date":"October 24, 2023","format":false,"excerpt":"Panoramica messaggi criptati tra NODI Panoramica messaggi criptati Flusso attivo dei messaggi crittografati Il messaggio in chiaro viene crittografato dal PC Notebook mittente e trasmesso al proprio server.Al termine di questa operazione, il Notebook lo rimuove.Il server invia il messaggio al nodo destinatario in forma criptata, Al termine di questa\u2026","rel":"","context":"Similar post","block_context":{"text":"Similar post","link":""},"img":{"alt_text":"","src":"https:\/\/mlbh0vghk157.i.optimole.com\/w:auto\/h:auto\/q:mauto\/g:sm\/f:best\/https:\/\/i0.wp.com\/encprimes.com\/wp-content\/uploads\/2024\/09\/abstract_low_poly_techno_design_background_1905-scaled.jpg?resize=350%2C200&ssl=1","width":350,"height":200,"srcset":"https:\/\/mlbh0vghk157.i.optimole.com\/w:auto\/h:auto\/q:mauto\/g:sm\/f:best\/https:\/\/i0.wp.com\/encprimes.com\/wp-content\/uploads\/2024\/09\/abstract_low_poly_techno_design_background_1905-scaled.jpg?resize=350%2C200&ssl=1 1x, https:\/\/mlbh0vghk157.i.optimole.com\/w:auto\/h:auto\/q:mauto\/g:sm\/f:best\/https:\/\/i0.wp.com\/encprimes.com\/wp-content\/uploads\/2024\/09\/abstract_low_poly_techno_design_background_1905-scaled.jpg?resize=525%2C300&ssl=1 1.5x, https:\/\/mlbh0vghk157.i.optimole.com\/w:auto\/h:auto\/q:mauto\/g:sm\/f:best\/https:\/\/i0.wp.com\/encprimes.com\/wp-content\/uploads\/2024\/09\/abstract_low_poly_techno_design_background_1905-scaled.jpg?resize=700%2C400&ssl=1 2x, https:\/\/mlbh0vghk157.i.optimole.com\/w:auto\/h:auto\/q:mauto\/g:sm\/f:best\/https:\/\/i0.wp.com\/encprimes.com\/wp-content\/uploads\/2024\/09\/abstract_low_poly_techno_design_background_1905-scaled.jpg?resize=1050%2C600&ssl=1 3x, https:\/\/mlbh0vghk157.i.optimole.com\/w:auto\/h:auto\/q:mauto\/g:sm\/f:best\/https:\/\/i0.wp.com\/encprimes.com\/wp-content\/uploads\/2024\/09\/abstract_low_poly_techno_design_background_1905-scaled.jpg?resize=1400%2C800&ssl=1 4x"},"classes":[]},{"id":1818,"url":"https:\/\/encprimes.com\/index.php\/it\/gamma-prodotti-encprimes\/","url_meta":{"origin":1891,"position":4},"title":"Gamma","author":"encprimes team","date":"October 31, 2023","format":false,"excerpt":"Gamma Gamma prodotti Pc Notebook Nella gamma \u00e8 presente Un notebook potente, con cabinet in metallo e processore ARM a 64 bit DETTAGLIO Prodotti Server Sistemi Linux in contentori metallici miniaturizzati. NON necessaria alcuna configurazione. DETTAGLIO Prodotto Software Potente e sicuro software di crittografia a chiave simmetrica unica utilizzato una\u2026","rel":"","context":"Similar post","block_context":{"text":"Similar post","link":""},"img":{"alt_text":"","src":"https:\/\/mlbh0vghk157.i.optimole.com\/w:auto\/h:auto\/q:mauto\/g:sm\/f:best\/https:\/\/i0.wp.com\/encprimes.com\/wp-content\/uploads\/2024\/01\/srv1-2-1.jpeg?resize=350%2C200&ssl=1","width":350,"height":200,"srcset":"https:\/\/mlbh0vghk157.i.optimole.com\/w:auto\/h:auto\/q:mauto\/g:sm\/f:best\/https:\/\/i0.wp.com\/encprimes.com\/wp-content\/uploads\/2024\/01\/srv1-2-1.jpeg?resize=350%2C200&ssl=1 1x, https:\/\/mlbh0vghk157.i.optimole.com\/w:auto\/h:auto\/q:mauto\/g:sm\/f:best\/https:\/\/i0.wp.com\/encprimes.com\/wp-content\/uploads\/2024\/01\/srv1-2-1.jpeg?resize=525%2C300&ssl=1 1.5x, https:\/\/mlbh0vghk157.i.optimole.com\/w:auto\/h:auto\/q:mauto\/g:sm\/f:best\/https:\/\/i0.wp.com\/encprimes.com\/wp-content\/uploads\/2024\/01\/srv1-2-1.jpeg?resize=700%2C400&ssl=1 2x, https:\/\/mlbh0vghk157.i.optimole.com\/w:auto\/h:auto\/q:mauto\/g:sm\/f:best\/https:\/\/i0.wp.com\/encprimes.com\/wp-content\/uploads\/2024\/01\/srv1-2-1.jpeg?resize=1050%2C600&ssl=1 3x, https:\/\/mlbh0vghk157.i.optimole.com\/w:auto\/h:auto\/q:mauto\/g:sm\/f:best\/https:\/\/i0.wp.com\/encprimes.com\/wp-content\/uploads\/2024\/01\/srv1-2-1.jpeg?resize=1400%2C800&ssl=1 4x"},"classes":[]},{"id":1738,"url":"https:\/\/encprimes.com\/index.php\/it\/riservatezza-impagabile-nei-messaggi\/encprimes-it\/","url_meta":{"origin":1891,"position":5},"title":"EncPriMes","author":"encprimes team","date":"October 23, 2023","format":false,"excerpt":"Proteggere la privacy nell'era digitale Nel frenetico mondo digitale di oggi, mantenere la privacy \u00e8 diventato sempre pi\u00f9 difficile. Le minacce informatiche e le violazioni dei dati stanno aumentando. \u00c8 essenziale adottare misure proattive per proteggere le informazioni sensibili. Difendetele con EncPriMes, il potere della crittografia. Per noi le conversazioni\u2026","rel":"","context":"Similar post","block_context":{"text":"Similar post","link":""},"img":{"alt_text":"","src":"https:\/\/mlbh0vghk157.i.optimole.com\/w:auto\/h:auto\/q:mauto\/g:sm\/f:best\/https:\/\/i0.wp.com\/mlbh0vghk157.i.optimole.com\/ozlFtWU-yV3fXNYI\/dam%3A1\/w%3A648\/h%3A432\/q%3Aauto\/id%3Aa0746ecf704ef96e8569879bf62b8dc9\/https%3A\/\/encprimes.com\/striker.png?resize=350%2C200&ssl=1","width":350,"height":200,"srcset":"https:\/\/mlbh0vghk157.i.optimole.com\/w:auto\/h:auto\/q:mauto\/g:sm\/f:best\/https:\/\/i0.wp.com\/mlbh0vghk157.i.optimole.com\/ozlFtWU-yV3fXNYI\/dam%3A1\/w%3A648\/h%3A432\/q%3Aauto\/id%3Aa0746ecf704ef96e8569879bf62b8dc9\/https%3A\/\/encprimes.com\/striker.png?resize=350%2C200&ssl=1 1x, https:\/\/mlbh0vghk157.i.optimole.com\/w:auto\/h:auto\/q:mauto\/g:sm\/f:best\/https:\/\/i0.wp.com\/mlbh0vghk157.i.optimole.com\/ozlFtWU-yV3fXNYI\/dam%3A1\/w%3A648\/h%3A432\/q%3Aauto\/id%3Aa0746ecf704ef96e8569879bf62b8dc9\/https%3A\/\/encprimes.com\/striker.png?resize=525%2C300&ssl=1 1.5x"},"classes":[]}],"jetpack_sharing_enabled":true,"_links":{"self":[{"href":"https:\/\/encprimes.com\/index.php\/wp-json\/wp\/v2\/pages\/1891","targetHints":{"allow":["GET"]}}],"collection":[{"href":"https:\/\/encprimes.com\/index.php\/wp-json\/wp\/v2\/pages"}],"about":[{"href":"https:\/\/encprimes.com\/index.php\/wp-json\/wp\/v2\/types\/page"}],"author":[{"embeddable":true,"href":"https:\/\/encprimes.com\/index.php\/wp-json\/wp\/v2\/users\/1"}],"replies":[{"embeddable":true,"href":"https:\/\/encprimes.com\/index.php\/wp-json\/wp\/v2\/comments?post=1891"}],"version-history":[{"count":3,"href":"https:\/\/encprimes.com\/index.php\/wp-json\/wp\/v2\/pages\/1891\/revisions"}],"predecessor-version":[{"id":22506,"href":"https:\/\/encprimes.com\/index.php\/wp-json\/wp\/v2\/pages\/1891\/revisions\/22506"}],"up":[{"embeddable":true,"href":"https:\/\/encprimes.com\/index.php\/wp-json\/wp\/v2\/pages\/1662"}],"wp:featuredmedia":[{"embeddable":true,"href":"https:\/\/encprimes.com\/index.php\/wp-json\/wp\/v2\/media\/22495"}],"wp:attachment":[{"href":"https:\/\/encprimes.com\/index.php\/wp-json\/wp\/v2\/media?parent=1891"}],"curies":[{"name":"wp","href":"https:\/\/api.w.org\/{rel}","templated":true}]}}